{"id":330,"date":"2020-05-17T21:50:25","date_gmt":"2020-05-17T21:50:25","guid":{"rendered":"https:\/\/www.pestourlcoaching.fr\/?page_id=330"},"modified":"2020-11-09T16:30:30","modified_gmt":"2020-11-09T16:30:30","slug":"contact","status":"publish","type":"page","link":"https:\/\/www.pestourlcoaching.fr\/?page_id=330","title":{"rendered":"Contact"},"content":{"rendered":"\n<p><strong>Liliane PESTOUR<\/strong><br><a rel=\"noreferrer noopener\" href=\"mailto:liliane.pestour@gmail.com\" target=\"_blank\"><strong><span class=\"has-inline-color has-vivid-purple-color\">liliane.pestour@gmail.com<\/span><\/strong><\/a><br><br><a rel=\"noreferrer noopener\" href=\"https:\/\/www.linkedin.com\/in\/liliane-pestour-992a20b8\/\" target=\"_blank\"><span class=\"has-inline-color has-vivid-purple-color\"><strong>https:\/\/www.linkedin.com\/in\/liliane-pestour-992a20b8\/<\/strong><\/span><\/a><\/p>\n\n\n\n<p><strong>Diff\u00e9rentes formes de s\u00e9ances de coaching :<\/strong><br><strong>A distance par Skype &#8211; Zoom &#8211; T\u00e9l\u00e9phone<br>En pr\u00e9sentiel : Lieu \u00e0 d\u00e9finir ensemble<br>En marchant dans un espace naturel : je vous invite \u00e0 exp\u00e9rimenter<br><br>Besoin de prendre une d\u00e9cision dans l&rsquo;urgence : Exp\u00e9rimentez le speed coaching &#8211; Dur\u00e9e : 1\/2h<br><\/strong><br><span class=\"has-inline-color has-vivid-purple-color\"><strong>Dur\u00e9e d&rsquo;une s\u00e9ance 1h \u00e0 1h30<br>Pr\u00e9voir entre 6 \u00e0 10 s\u00e9ances.<\/strong><\/span><br><br><strong><span style=\"color:#f35c82\" class=\"has-inline-color\">Tarifs : Sur demande<\/span><\/strong><\/p>\n","protected":false},"excerpt":{"rendered":"<p>Liliane PESTOURliliane.pestour@gmail.com https:\/\/www.linkedin.com\/in\/liliane-pestour-992a20b8\/ Diff\u00e9rentes formes de s\u00e9ances de coaching :A distance par Skype &#8211; Zoom &#8211; T\u00e9l\u00e9phoneEn pr\u00e9sentiel : Lieu&hellip;<\/p>\n","protected":false},"author":1,"featured_media":579,"parent":0,"menu_order":9,"comment_status":"closed","ping_status":"closed","template":"","meta":[],"_links":{"self":[{"href":"https:\/\/www.pestourlcoaching.fr\/index.php?rest_route=\/wp\/v2\/pages\/330"}],"collection":[{"href":"https:\/\/www.pestourlcoaching.fr\/index.php?rest_route=\/wp\/v2\/pages"}],"about":[{"href":"https:\/\/www.pestourlcoaching.fr\/index.php?rest_route=\/wp\/v2\/types\/page"}],"author":[{"embeddable":true,"href":"https:\/\/www.pestourlcoaching.fr\/index.php?rest_route=\/wp\/v2\/users\/1"}],"replies":[{"embeddable":true,"href":"https:\/\/www.pestourlcoaching.fr\/index.php?rest_route=%2Fwp%2Fv2%2Fcomments&post=330"}],"version-history":[{"count":10,"href":"https:\/\/www.pestourlcoaching.fr\/index.php?rest_route=\/wp\/v2\/pages\/330\/revisions"}],"predecessor-version":[{"id":782,"href":"https:\/\/www.pestourlcoaching.fr\/index.php?rest_route=\/wp\/v2\/pages\/330\/revisions\/782"}],"wp:featuredmedia":[{"embeddable":true,"href":"https:\/\/www.pestourlcoaching.fr\/index.php?rest_route=\/wp\/v2\/media\/579"}],"wp:attachment":[{"href":"https:\/\/www.pestourlcoaching.fr\/index.php?rest_route=%2Fwp%2Fv2%2Fmedia&parent=330"}],"curies":[{"name":"wp","href":"https:\/\/api.w.org\/{rel}","templated":true}]}}