{"id":329,"date":"2020-05-17T21:50:25","date_gmt":"2020-05-17T21:50:25","guid":{"rendered":"https:\/\/www.pestourlcoaching.fr\/?page_id=329"},"modified":"2024-02-06T14:50:34","modified_gmt":"2024-02-06T14:50:34","slug":"a-venir","status":"publish","type":"page","link":"https:\/\/www.pestourlcoaching.fr\/?page_id=329","title":{"rendered":"A venir &#8211; Avenir"},"content":{"rendered":"\n<h2><mark style=\"background-color:rgba(0, 0, 0, 0)\" class=\"has-inline-color has-vivid-purple-color\">Depuis le 2\u00e8me semestre 2022 en bin\u00f4me avec un coach-th\u00e9rapeute : <\/mark><\/h2>\n\n\n\n<p><strong>Atelier sur 3 jours pour d\u00e9velopper la PRESENCE \u00e0 soi et l&rsquo;ECOUTE de soi.<\/strong> <strong>Prochaines dates ci-dessous.<\/strong><\/p>\n\n\n\n<p><strong><span style=\"color:#e10a40\" class=\"has-inline-color\">Tout commence par Soi \u00e0 l&rsquo;int\u00e9rieur de Soi.<\/span><\/strong> <\/p>\n\n\n\n<p><mark style=\"background-color:rgba(0, 0, 0, 0);color:#e01156\" class=\"has-inline-color\"> <strong>\u00ab\u00a0Je me suis mise \u00e0 changer et le monde s&rsquo;est mis \u00e0 changer autour de moi\u00a0\u00bb<\/strong><\/mark><\/p>\n\n\n\n<p><strong>La cons\u00e9quence de ces journ\u00e9es est d&rsquo;am\u00e9liorer la pr\u00e9sence et l&rsquo;\u00e9coute dans la relation \u00e0 l&rsquo;autre puis au sein d&rsquo;un groupe, d&rsquo;un collectif, d&rsquo;une \u00e9quipe, d&rsquo;une famille &#8230;<\/strong><br><strong>Nous travaillerons le lien \u00e0 la respiration, \u00e0 la nature, au corps au travers de la danse et au \u00e9motions gr\u00e2ce \u00e0 la musique. Et bien d&rsquo;autres surprises.<\/strong><\/p>\n\n\n\n<figure class=\"wp-block-image size-large\"><img decoding=\"async\" loading=\"lazy\" width=\"1024\" height=\"576\" src=\"https:\/\/www.pestourlcoaching.fr\/wp-content\/uploads\/2024\/02\/COMM-2024-bis-1024x576.jpg\" alt=\"\" class=\"wp-image-844\" srcset=\"https:\/\/www.pestourlcoaching.fr\/wp-content\/uploads\/2024\/02\/COMM-2024-bis-1024x576.jpg 1024w, https:\/\/www.pestourlcoaching.fr\/wp-content\/uploads\/2024\/02\/COMM-2024-bis-300x169.jpg 300w, https:\/\/www.pestourlcoaching.fr\/wp-content\/uploads\/2024\/02\/COMM-2024-bis-768x432.jpg 768w, https:\/\/www.pestourlcoaching.fr\/wp-content\/uploads\/2024\/02\/COMM-2024-bis.jpg 1280w\" sizes=\"(max-width: 1024px) 100vw, 1024px\" \/><\/figure>\n\n\n\n<p class=\"has-large-font-size\"><mark style=\"background-color:rgba(0, 0, 0, 0)\" class=\"has-inline-color has-vivid-purple-color\"><sub><sup><strong>Depuis le second semestre 2021 en bin\u00f4me avec un autre coach :<\/strong><\/sup><\/sub><\/mark><\/p>\n\n\n\n<p class=\"has-normal-font-size\"><strong>Atelier pour identifier explorer comprendre et apaiser nos \u00ab\u00a0allergies relationnelles\u00a0\u00bb personnelles ou professionnelles.<\/strong><\/p>\n\n\n\n<p><strong>Je coanimerai cet atelier avec un coach avec laquelle nous \u00e9tions <em>r\u00e9ciproquement en r\u00e9action relationnelle.<\/em><\/strong><\/p>\n\n\n\n<p><strong><span style=\"color:#cb0e4d\" class=\"has-inline-color\">Nous souhaitons vous partager comment d\u00e9passer cette \u00e9tape pour aller au-del\u00e0 des apparences.<\/span><\/strong><\/p>\n","protected":false},"excerpt":{"rendered":"<p>Depuis le 2\u00e8me semestre 2022 en bin\u00f4me avec un coach-th\u00e9rapeute : Atelier sur 3 jours pour d\u00e9velopper la PRESENCE \u00e0&hellip;<\/p>\n","protected":false},"author":1,"featured_media":514,"parent":0,"menu_order":8,"comment_status":"closed","ping_status":"closed","template":"","meta":[],"_links":{"self":[{"href":"https:\/\/www.pestourlcoaching.fr\/index.php?rest_route=\/wp\/v2\/pages\/329"}],"collection":[{"href":"https:\/\/www.pestourlcoaching.fr\/index.php?rest_route=\/wp\/v2\/pages"}],"about":[{"href":"https:\/\/www.pestourlcoaching.fr\/index.php?rest_route=\/wp\/v2\/types\/page"}],"author":[{"embeddable":true,"href":"https:\/\/www.pestourlcoaching.fr\/index.php?rest_route=\/wp\/v2\/users\/1"}],"replies":[{"embeddable":true,"href":"https:\/\/www.pestourlcoaching.fr\/index.php?rest_route=%2Fwp%2Fv2%2Fcomments&post=329"}],"version-history":[{"count":22,"href":"https:\/\/www.pestourlcoaching.fr\/index.php?rest_route=\/wp\/v2\/pages\/329\/revisions"}],"predecessor-version":[{"id":845,"href":"https:\/\/www.pestourlcoaching.fr\/index.php?rest_route=\/wp\/v2\/pages\/329\/revisions\/845"}],"wp:featuredmedia":[{"embeddable":true,"href":"https:\/\/www.pestourlcoaching.fr\/index.php?rest_route=\/wp\/v2\/media\/514"}],"wp:attachment":[{"href":"https:\/\/www.pestourlcoaching.fr\/index.php?rest_route=%2Fwp%2Fv2%2Fmedia&parent=329"}],"curies":[{"name":"wp","href":"https:\/\/api.w.org\/{rel}","templated":true}]}}