{"id":327,"date":"2020-05-17T21:50:25","date_gmt":"2020-05-17T21:50:25","guid":{"rendered":"https:\/\/www.pestourlcoaching.fr\/?page_id=327"},"modified":"2020-06-17T08:25:07","modified_gmt":"2020-06-17T08:25:07","slug":"citations","status":"publish","type":"page","link":"https:\/\/www.pestourlcoaching.fr\/?page_id=327","title":{"rendered":"Citations"},"content":{"rendered":"\n<figure class=\"wp-block-pullquote\"><blockquote><p><em><span style=\"color:#864cbc\" class=\"has-inline-color\"><strong>Je suis le ma\u00eetre de mon destin. Je suis le Capitaine de mon Ame.<\/strong><\/span><\/em><\/p><cite><span class=\"has-inline-color has-vivid-purple-color\"><strong>Invictus<\/strong><\/span><\/cite><\/blockquote><\/figure>\n\n\n\n<figure class=\"wp-block-pullquote is-style-default\"><blockquote><p><strong><em><span class=\"has-inline-color has-very-dark-gray-color\">Impose ta Chance, serre ton Bonheur, et va vers ton risque, \u00e0 te regarder<\/span><\/em><\/strong><br><strong><em><span class=\"has-inline-color has-very-dark-gray-color\"> ils s&rsquo;y habitueront<\/span><\/em><\/strong><\/p><cite>Ren\u00e9 Char<\/cite><\/blockquote><\/figure>\n\n\n\n<figure class=\"wp-block-pullquote\"><blockquote><p><strong><span style=\"color:#e10a9d\" class=\"has-inline-color\">\u00ab\u00a0Tout est Possible quand tu sais qui tu es.<\/span><\/strong><\/p><p><strong><span style=\"color:#e10a9d\" class=\"has-inline-color\">Tout est possible quand tu assumes qui tu es.\u00a0\u00bb<\/span><\/strong><\/p><cite>Paroles de mon Everest de Soprano<\/cite><\/blockquote><\/figure>\n\n\n\n<div class=\"wp-block-image\"><figure class=\"aligncenter size-large\"><img decoding=\"async\" loading=\"lazy\" width=\"530\" height=\"485\" src=\"https:\/\/www.pestourlcoaching.fr\/wp-content\/uploads\/2020\/06\/TexteBrel-2.jpg\" alt=\"\" class=\"wp-image-719\" srcset=\"https:\/\/www.pestourlcoaching.fr\/wp-content\/uploads\/2020\/06\/TexteBrel-2.jpg 530w, https:\/\/www.pestourlcoaching.fr\/wp-content\/uploads\/2020\/06\/TexteBrel-2-300x275.jpg 300w\" sizes=\"(max-width: 530px) 100vw, 530px\" \/><\/figure><\/div>\n\n\n\n<figure class=\"wp-block-pullquote\"><blockquote><p><span class=\"has-inline-color has-vivid-purple-color\"><strong>Tant que nous ne nous engageons pas, le doute r\u00e8gne, la possibilit\u00e9 de se r\u00e9tracter demeure et l&rsquo;inefficacit\u00e9 pr\u00e9vaut toujours.<\/strong><br><strong>En ce qui concerne tous les actes d&rsquo;initiatives et de cr\u00e9ativit\u00e9, il est une v\u00e9rit\u00e9 \u00e9l\u00e9mentaire dont l&rsquo;ignorance a des incidences innombrables et fait avorter des projets splendides. D\u00e8s le moment o\u00f9 on s&rsquo;engage pleinement, la providence se met \u00e9galement en marche.<br>Pour nous aider, se mettent en oeuvre toutes sortes de chose qui sinon n&rsquo;auraient jamais eu lieu. Tout un encha\u00eenement d&rsquo;\u00e9v\u00e9nements, de situation et de d\u00e9cision cr\u00e9e en notre faveur toutes sortes d&rsquo;incidents impr\u00e9vus, des rencontres et des aides mat\u00e9rielles qui nous n&rsquo;aurions jamais r\u00eav\u00e9 de rencontrer sur notre chemin.<br>Tout ce que tu peux faire ou r\u00eaver de faire, tu peux l&rsquo;entreprendre.<br>L&rsquo;audace renferme en soi g\u00e9nie, pouvoir et magie.<br>D\u00e9bute maintenant.<\/strong><\/span><strong><br><\/strong><\/p><cite>Le Pouvoir de l&rsquo;engagement de goethe<\/cite><\/blockquote><\/figure>\n\n\n\n<figure class=\"wp-block-pullquote alignfull is-style-default\"><blockquote><p><span style=\"color:#e4577a\" class=\"has-inline-color\"><strong>Our deepest fear is not that we are inadequate.<br>Our deepest fear is that we are powerful beyond measure.<br>It is not our darkness, but our light that most frightens us.<\/strong><\/span><\/p><p><span style=\"color:#e4577a\" class=\"has-inline-color\"><strong>We ask ourselves, who I&rsquo;m to be brilliant, gorgeous, talended and fabulous.<br>Actually, who are not to be ?<br>You are a Child of God.<br>Your planning small doesn&rsquo;t serve the world.<br>There is nothing unlightened about shrinking so that people won&rsquo;t feel insecure around you.<br>We are born to make manifest the glory of God that is within us.<br>It is not just in some of us. <\/strong><\/span><br><span style=\"color:#e4577a\" class=\"has-inline-color\"><strong>It is in everyone.<br>And when we let our own light shine, we incounscious give people permission to do the same.<br>As we are liberated from our own fear, our presence automatically liberates others.<\/strong><\/span><\/p><p><\/p><cite>MARIANNE WILLIAMSON<\/cite><\/blockquote><\/figure>\n\n\n\n<figure class=\"wp-block-image\"><img alt=\"\"\/><\/figure>\n","protected":false},"excerpt":{"rendered":"<p>Je suis le ma\u00eetre de mon destin. Je suis le Capitaine de mon Ame. Invictus Impose ta Chance, serre ton&hellip;<\/p>\n","protected":false},"author":1,"featured_media":0,"parent":0,"menu_order":6,"comment_status":"closed","ping_status":"closed","template":"","meta":[],"_links":{"self":[{"href":"https:\/\/www.pestourlcoaching.fr\/index.php?rest_route=\/wp\/v2\/pages\/327"}],"collection":[{"href":"https:\/\/www.pestourlcoaching.fr\/index.php?rest_route=\/wp\/v2\/pages"}],"about":[{"href":"https:\/\/www.pestourlcoaching.fr\/index.php?rest_route=\/wp\/v2\/types\/page"}],"author":[{"embeddable":true,"href":"https:\/\/www.pestourlcoaching.fr\/index.php?rest_route=\/wp\/v2\/users\/1"}],"replies":[{"embeddable":true,"href":"https:\/\/www.pestourlcoaching.fr\/index.php?rest_route=%2Fwp%2Fv2%2Fcomments&post=327"}],"version-history":[{"count":30,"href":"https:\/\/www.pestourlcoaching.fr\/index.php?rest_route=\/wp\/v2\/pages\/327\/revisions"}],"predecessor-version":[{"id":755,"href":"https:\/\/www.pestourlcoaching.fr\/index.php?rest_route=\/wp\/v2\/pages\/327\/revisions\/755"}],"wp:attachment":[{"href":"https:\/\/www.pestourlcoaching.fr\/index.php?rest_route=%2Fwp%2Fv2%2Fmedia&parent=327"}],"curies":[{"name":"wp","href":"https:\/\/api.w.org\/{rel}","templated":true}]}}