{"id":325,"date":"2020-05-17T21:50:25","date_gmt":"2020-05-17T21:50:25","guid":{"rendered":"https:\/\/www.pestourlcoaching.fr\/?page_id=325"},"modified":"2021-01-15T08:41:16","modified_gmt":"2021-01-15T08:41:16","slug":"relations","status":"publish","type":"page","link":"https:\/\/www.pestourlcoaching.fr\/?page_id=325","title":{"rendered":"Relations"},"content":{"rendered":"\n<h1>Coaching individuel ou collectif sur les relations<\/h1>\n\n\n\n<p><img decoding=\"async\" loading=\"lazy\" width=\"1920\" height=\"1280\" class=\"wp-image-799\" style=\"width: 150px;\" src=\"https:\/\/www.pestourlcoaching.fr\/wp-content\/uploads\/2021\/01\/MainsMoine.jpg\" alt=\"\" srcset=\"https:\/\/www.pestourlcoaching.fr\/wp-content\/uploads\/2021\/01\/MainsMoine.jpg 1920w, https:\/\/www.pestourlcoaching.fr\/wp-content\/uploads\/2021\/01\/MainsMoine-300x200.jpg 300w, https:\/\/www.pestourlcoaching.fr\/wp-content\/uploads\/2021\/01\/MainsMoine-1024x683.jpg 1024w, https:\/\/www.pestourlcoaching.fr\/wp-content\/uploads\/2021\/01\/MainsMoine-768x512.jpg 768w, https:\/\/www.pestourlcoaching.fr\/wp-content\/uploads\/2021\/01\/MainsMoine-1536x1024.jpg 1536w\" sizes=\"(max-width: 1920px) 100vw, 1920px\" \/>      <strong>Relation \u00e0 Soi, \u00e0 son Essence.<\/strong>    <\/p>\n\n\n\n<p><img decoding=\"async\" loading=\"lazy\" width=\"1920\" height=\"937\" class=\"wp-image-701\" style=\"width: 150px;\" src=\"https:\/\/www.pestourlcoaching.fr\/wp-content\/uploads\/2020\/06\/MainsAdultes2.jpg\" alt=\"\" srcset=\"https:\/\/www.pestourlcoaching.fr\/wp-content\/uploads\/2020\/06\/MainsAdultes2.jpg 1920w, https:\/\/www.pestourlcoaching.fr\/wp-content\/uploads\/2020\/06\/MainsAdultes2-300x146.jpg 300w, https:\/\/www.pestourlcoaching.fr\/wp-content\/uploads\/2020\/06\/MainsAdultes2-1024x500.jpg 1024w, https:\/\/www.pestourlcoaching.fr\/wp-content\/uploads\/2020\/06\/MainsAdultes2-768x375.jpg 768w, https:\/\/www.pestourlcoaching.fr\/wp-content\/uploads\/2020\/06\/MainsAdultes2-1536x750.jpg 1536w\" sizes=\"(max-width: 1920px) 100vw, 1920px\" \/>    <strong>Relation \u00e0 l&rsquo;autre en respectant la relation \u00e0 Soi.<\/strong>    <\/p>\n\n\n\n<p><img decoding=\"async\" loading=\"lazy\" width=\"1500\" height=\"1125\" class=\"wp-image-31\" style=\"width: 150px;\" src=\"https:\/\/www.pestourlcoaching.fr\/wp-content\/uploads\/2020\/05\/cropped-team-386673_1920.jpg\" alt=\"\" srcset=\"https:\/\/www.pestourlcoaching.fr\/wp-content\/uploads\/2020\/05\/cropped-team-386673_1920.jpg 1500w, https:\/\/www.pestourlcoaching.fr\/wp-content\/uploads\/2020\/05\/cropped-team-386673_1920-300x225.jpg 300w, https:\/\/www.pestourlcoaching.fr\/wp-content\/uploads\/2020\/05\/cropped-team-386673_1920-1024x768.jpg 1024w, https:\/\/www.pestourlcoaching.fr\/wp-content\/uploads\/2020\/05\/cropped-team-386673_1920-768x576.jpg 768w, https:\/\/www.pestourlcoaching.fr\/wp-content\/uploads\/2020\/05\/cropped-team-386673_1920-1140x855.jpg 1140w\" sizes=\"(max-width: 1500px) 100vw, 1500px\" \/>    <strong>Relation au Collectif en tenant compte du lien \u00e0 Soi-m\u00eame<\/strong>.    <\/p>\n\n\n\n<p class=\"has-text-align-left\"><img decoding=\"async\" loading=\"lazy\" width=\"1920\" height=\"1920\" class=\"wp-image-431\" style=\"width: 150px;\" src=\"https:\/\/www.pestourlcoaching.fr\/wp-content\/uploads\/2020\/05\/TerreMains.jpg\" alt=\"\" srcset=\"https:\/\/www.pestourlcoaching.fr\/wp-content\/uploads\/2020\/05\/TerreMains.jpg 1920w, https:\/\/www.pestourlcoaching.fr\/wp-content\/uploads\/2020\/05\/TerreMains-300x300.jpg 300w, https:\/\/www.pestourlcoaching.fr\/wp-content\/uploads\/2020\/05\/TerreMains-1024x1024.jpg 1024w, https:\/\/www.pestourlcoaching.fr\/wp-content\/uploads\/2020\/05\/TerreMains-150x150.jpg 150w, https:\/\/www.pestourlcoaching.fr\/wp-content\/uploads\/2020\/05\/TerreMains-768x768.jpg 768w, https:\/\/www.pestourlcoaching.fr\/wp-content\/uploads\/2020\/05\/TerreMains-1536x1536.jpg 1536w\" sizes=\"(max-width: 1920px) 100vw, 1920px\" \/>    <strong>Relation au Monde en tenant compte du lien \u00e0 Soi pour trouver sa juste place qui respecte ses valeurs et son identit\u00e9.    <\/strong><\/p>\n","protected":false},"excerpt":{"rendered":"<p>Coaching individuel ou collectif sur les relations Relation \u00e0 Soi, \u00e0 son Essence. Relation \u00e0 l&rsquo;autre en respectant la relation&hellip;<\/p>\n","protected":false},"author":1,"featured_media":499,"parent":0,"menu_order":5,"comment_status":"closed","ping_status":"closed","template":"","meta":[],"_links":{"self":[{"href":"https:\/\/www.pestourlcoaching.fr\/index.php?rest_route=\/wp\/v2\/pages\/325"}],"collection":[{"href":"https:\/\/www.pestourlcoaching.fr\/index.php?rest_route=\/wp\/v2\/pages"}],"about":[{"href":"https:\/\/www.pestourlcoaching.fr\/index.php?rest_route=\/wp\/v2\/types\/page"}],"author":[{"embeddable":true,"href":"https:\/\/www.pestourlcoaching.fr\/index.php?rest_route=\/wp\/v2\/users\/1"}],"replies":[{"embeddable":true,"href":"https:\/\/www.pestourlcoaching.fr\/index.php?rest_route=%2Fwp%2Fv2%2Fcomments&post=325"}],"version-history":[{"count":24,"href":"https:\/\/www.pestourlcoaching.fr\/index.php?rest_route=\/wp\/v2\/pages\/325\/revisions"}],"predecessor-version":[{"id":801,"href":"https:\/\/www.pestourlcoaching.fr\/index.php?rest_route=\/wp\/v2\/pages\/325\/revisions\/801"}],"wp:featuredmedia":[{"embeddable":true,"href":"https:\/\/www.pestourlcoaching.fr\/index.php?rest_route=\/wp\/v2\/media\/499"}],"wp:attachment":[{"href":"https:\/\/www.pestourlcoaching.fr\/index.php?rest_route=%2Fwp%2Fv2%2Fmedia&parent=325"}],"curies":[{"name":"wp","href":"https:\/\/api.w.org\/{rel}","templated":true}]}}