{"id":323,"date":"2020-05-17T21:50:25","date_gmt":"2020-05-17T21:50:25","guid":{"rendered":"https:\/\/www.pestourlcoaching.fr\/?page_id=323"},"modified":"2023-02-16T15:46:58","modified_gmt":"2023-02-16T15:46:58","slug":"entreprise","status":"publish","type":"page","link":"https:\/\/www.pestourlcoaching.fr\/?page_id=323","title":{"rendered":"Entreprise"},"content":{"rendered":"\n<h1>COACHING et FORMATIONS pour les ENTREPRISES<\/h1>\n\n\n\n<p><strong>Besoin de d\u00e9velopper le talent individuel de chacun.<br>Besoin de renforcer la coh\u00e9sion d&rsquo;\u00e9quipe en fluidifiant la communication.<br>Faire collaborer ensemble des personnes tr\u00e8s diff\u00e9rentes.<br>Besoin de d\u00e9velopper sa posture de Leadership INSPIRANT et de Manager par l&rsquo;EXCELLENCE.<\/strong><\/p>\n\n\n\n<h2 class=\"has-vivid-purple-color has-text-color\"><mark style=\"background-color:rgba(0, 0, 0, 0);color:#f24470\" class=\"has-inline-color\">Le coaching et\/ ou une formation sur mesure en mode coaching r\u00e9pond \u00e0 vos besoins<\/mark><\/h2>\n\n\n\n<p><strong><span style=\"color:#b704b4\" class=\"has-inline-color\">J&rsquo;ai eu la chance de contribuer \u00e0 l&rsquo;obtention du Quality Award Heineken en 2014.<br>Ayant v\u00e9cu de l&rsquo;int\u00e9rieur cette incroyable aventure humaine collective, je souhaite partager les cl\u00e9s qui ont permis l&rsquo;obtention de ce troph\u00e9e.<\/span><\/strong><\/p>\n\n\n\n<h5 class=\"has-vivid-purple-color has-text-color\">Je crois en la puissance d&rsquo;un collectif respectueux des talents individuels, uni et solidaire o\u00f9 chacun donne le meilleur de lui-m\u00eame                                                                                                  et se d\u00e9passe pour atteindre des objectifs ambitieux tourn\u00e9s vers l&rsquo;excellence.<\/h5>\n","protected":false},"excerpt":{"rendered":"<p>COACHING et FORMATIONS pour les ENTREPRISES Besoin de d\u00e9velopper le talent individuel de chacun.Besoin de renforcer la coh\u00e9sion d&rsquo;\u00e9quipe en&hellip;<\/p>\n","protected":false},"author":1,"featured_media":745,"parent":0,"menu_order":2,"comment_status":"closed","ping_status":"closed","template":"","meta":[],"_links":{"self":[{"href":"https:\/\/www.pestourlcoaching.fr\/index.php?rest_route=\/wp\/v2\/pages\/323"}],"collection":[{"href":"https:\/\/www.pestourlcoaching.fr\/index.php?rest_route=\/wp\/v2\/pages"}],"about":[{"href":"https:\/\/www.pestourlcoaching.fr\/index.php?rest_route=\/wp\/v2\/types\/page"}],"author":[{"embeddable":true,"href":"https:\/\/www.pestourlcoaching.fr\/index.php?rest_route=\/wp\/v2\/users\/1"}],"replies":[{"embeddable":true,"href":"https:\/\/www.pestourlcoaching.fr\/index.php?rest_route=%2Fwp%2Fv2%2Fcomments&post=323"}],"version-history":[{"count":18,"href":"https:\/\/www.pestourlcoaching.fr\/index.php?rest_route=\/wp\/v2\/pages\/323\/revisions"}],"predecessor-version":[{"id":831,"href":"https:\/\/www.pestourlcoaching.fr\/index.php?rest_route=\/wp\/v2\/pages\/323\/revisions\/831"}],"wp:featuredmedia":[{"embeddable":true,"href":"https:\/\/www.pestourlcoaching.fr\/index.php?rest_route=\/wp\/v2\/media\/745"}],"wp:attachment":[{"href":"https:\/\/www.pestourlcoaching.fr\/index.php?rest_route=%2Fwp%2Fv2%2Fmedia&parent=323"}],"curies":[{"name":"wp","href":"https:\/\/api.w.org\/{rel}","templated":true}]}}