{"id":322,"date":"2020-05-17T21:50:25","date_gmt":"2020-05-17T21:50:25","guid":{"rendered":"https:\/\/www.pestourlcoaching.fr\/?page_id=322"},"modified":"2020-07-07T08:37:05","modified_gmt":"2020-07-07T08:37:05","slug":"particuliers","status":"publish","type":"page","link":"https:\/\/www.pestourlcoaching.fr\/?page_id=322","title":{"rendered":"Particuliers"},"content":{"rendered":"\n<h1>COACHING pour des PARTICULIERS : Cap vers Soi<\/h1>\n\n\n\n<p><strong>Une \u00e9preuve de vie \u00e0 traverser \u2026. Un chaos sentimental, professionnel ou personnel.<br>Des difficult\u00e9s relationnelles et le besoin de d\u00e9velopper des relations assertives.<br>Besoin de renforcer la confiance en Soi et en la Vie.<br>Besoin d&rsquo;accueillir ses \u00e9motions et d&rsquo;\u00e9couter son corps.<br><br>Quel est votre talent, votre potentiel unique ?<br>Quelle vie r\u00eavez vous de vivre sans oser passer \u00e0 l&rsquo;action ?<br>Que voulez vous r\u00e9ellement accomplir dans votre Vie ?<\/strong><\/p>\n\n\n\n<p class=\"has-text-color has-vivid-purple-color\"><strong>Accordez vous un espace temps pour vous retrouver et vous sentir \u00e9cout\u00e9. Acceptez de vous faire accompagner en exp\u00e9rimentant le coaching. <\/strong><\/p>\n\n\n\n<p class=\"has-text-color has-vivid-purple-color\"><strong>De la m\u00eame fa\u00e7on qu&rsquo;un instrument de musique a besoin d&rsquo;\u00eatre r\u00e9guli\u00e8rement accord\u00e9 au cours de sa vie, l&rsquo;\u00eatre humain a besoin de s&rsquo;accorder avec lui m\u00eame.<\/strong><\/p>\n\n\n\n<p><strong>En s\u00e9ance de coaching et en formation.<br>J&rsquo;utilise surtout mes oreilles de musicienne pour \u00e9couter les mots, les sons, les vibrations et entendre au del\u00e0 des mots.<\/strong><br><strong>Mon c\u0153ur me permet de ressentir au fil de la s\u00e9ance ce qui se passe.<\/strong><\/p>\n\n\n\n<p><strong><span style=\"color:#f2416d\" class=\"has-inline-color\"> Lors d&rsquo;une s\u00e9ance de coaching, je mets mon savoir \u00eatre et mon savoir faire pour accompagner la personne vers l&rsquo;objectif qu&rsquo;elle s&rsquo;est fix\u00e9e.<\/span><\/strong><\/p>\n\n\n\n<p><\/p>\n\n\n\n<blockquote class=\"wp-block-quote\"><p><strong>Apprenez \u00e0 Ecouter le murmure de votre c\u0153ur.<br>Il conna\u00eet votre Chemin de Vie la route vers votre Bonheur.<\/strong><\/p><\/blockquote>\n\n\n\n<p><\/p>\n","protected":false},"excerpt":{"rendered":"<p>COACHING pour des PARTICULIERS : Cap vers Soi Une \u00e9preuve de vie \u00e0 traverser \u2026. Un chaos sentimental, professionnel ou&hellip;<\/p>\n","protected":false},"author":1,"featured_media":497,"parent":0,"menu_order":3,"comment_status":"closed","ping_status":"closed","template":"","meta":[],"_links":{"self":[{"href":"https:\/\/www.pestourlcoaching.fr\/index.php?rest_route=\/wp\/v2\/pages\/322"}],"collection":[{"href":"https:\/\/www.pestourlcoaching.fr\/index.php?rest_route=\/wp\/v2\/pages"}],"about":[{"href":"https:\/\/www.pestourlcoaching.fr\/index.php?rest_route=\/wp\/v2\/types\/page"}],"author":[{"embeddable":true,"href":"https:\/\/www.pestourlcoaching.fr\/index.php?rest_route=\/wp\/v2\/users\/1"}],"replies":[{"embeddable":true,"href":"https:\/\/www.pestourlcoaching.fr\/index.php?rest_route=%2Fwp%2Fv2%2Fcomments&post=322"}],"version-history":[{"count":20,"href":"https:\/\/www.pestourlcoaching.fr\/index.php?rest_route=\/wp\/v2\/pages\/322\/revisions"}],"predecessor-version":[{"id":759,"href":"https:\/\/www.pestourlcoaching.fr\/index.php?rest_route=\/wp\/v2\/pages\/322\/revisions\/759"}],"wp:featuredmedia":[{"embeddable":true,"href":"https:\/\/www.pestourlcoaching.fr\/index.php?rest_route=\/wp\/v2\/media\/497"}],"wp:attachment":[{"href":"https:\/\/www.pestourlcoaching.fr\/index.php?rest_route=%2Fwp%2Fv2%2Fmedia&parent=322"}],"curies":[{"name":"wp","href":"https:\/\/api.w.org\/{rel}","templated":true}]}}