{"id":321,"date":"2020-05-17T21:50:25","date_gmt":"2020-05-17T21:50:25","guid":{"rendered":"https:\/\/www.pestourlcoaching.fr\/?page_id=321"},"modified":"2020-06-06T15:49:45","modified_gmt":"2020-06-06T15:49:45","slug":"coaching","status":"publish","type":"page","link":"https:\/\/www.pestourlcoaching.fr\/?page_id=321","title":{"rendered":"Coaching"},"content":{"rendered":"\n<h1>Prenez du Recul &#8211; Prenez de la Hauteur gr\u00e2ce au Coaching<\/h1>\n\n\n\n<p><strong>Qu&rsquo;est ce que le coaching ? Le coaching s&rsquo;appuie sur le PRESENT pour aller vers le FUTUR d\u00e9sir\u00e9.<\/strong><\/p>\n\n\n\n<h6 class=\"has-vivid-red-color has-text-color\"><span style=\"color:#de0fd7\" class=\"has-inline-color\">En coaching VOUS \u00eates l&rsquo;EXPERT de votre VIE et le coach est l&rsquo;EXPERT du PROCESSUS de coaching.<\/span><\/h6>\n\n\n\n<p><strong>Le contenu de nos \u00e9changes est bien \u00e9videmment confidentiel.<br>Respect Bienveillance Ecoute sont mes fondamentaux tout au long du d\u00e9roulement des s\u00e9ances.<\/strong><\/p>\n\n\n\n<p><strong><span style=\"color:#ec1a4e\" class=\"has-inline-color\">Vous venez avec une probl\u00e9matique.<br>Par mon \u00e9coute active et ma pr\u00e9sence vous allez entre autre :<\/span><\/strong><\/p>\n\n\n\n<ul><li><strong>D\u00e9finir votre objectif de s\u00e9ance<\/strong><\/li><li><strong>Identifier vos points de blocages, les freins qui vous emp\u00eachent, pour l&rsquo;instant, d&rsquo;atteindre votre objectif<\/strong><\/li><li><strong>Vous connecter \u00e0 vos ressources<\/strong><\/li><li><strong>Avoir des prises de conscience<\/strong><\/li><li><strong>D\u00e9finir votre propre plan d&rsquo;actions pour continuer \u00e0 avancer<br><\/strong><\/li><\/ul>\n\n\n\n<div class=\"is-layout-flow wp-block-group\"><div class=\"wp-block-group__inner-container\">\n<div class=\"is-layout-flow wp-block-group\"><div class=\"wp-block-group__inner-container\">\n<pre class=\"wp-block-preformatted\">C'est Impossible dit la Fiert\u00e9\nC'est Risqu\u00e9 dit l'Exp\u00e9rience\nC'est sans issue dit la Raison\nEssayons murmure le C\u0153ur\n               (<em>Wiliam Arthur Ward<\/em>)<\/pre>\n<\/div><\/div>\n<\/div><\/div>\n","protected":false},"excerpt":{"rendered":"<p>Prenez du Recul &#8211; Prenez de la Hauteur gr\u00e2ce au Coaching Qu&rsquo;est ce que le coaching ? Le coaching s&rsquo;appuie&hellip;<\/p>\n","protected":false},"author":1,"featured_media":418,"parent":407,"menu_order":1,"comment_status":"closed","ping_status":"closed","template":"","meta":[],"_links":{"self":[{"href":"https:\/\/www.pestourlcoaching.fr\/index.php?rest_route=\/wp\/v2\/pages\/321"}],"collection":[{"href":"https:\/\/www.pestourlcoaching.fr\/index.php?rest_route=\/wp\/v2\/pages"}],"about":[{"href":"https:\/\/www.pestourlcoaching.fr\/index.php?rest_route=\/wp\/v2\/types\/page"}],"author":[{"embeddable":true,"href":"https:\/\/www.pestourlcoaching.fr\/index.php?rest_route=\/wp\/v2\/users\/1"}],"replies":[{"embeddable":true,"href":"https:\/\/www.pestourlcoaching.fr\/index.php?rest_route=%2Fwp%2Fv2%2Fcomments&post=321"}],"version-history":[{"count":19,"href":"https:\/\/www.pestourlcoaching.fr\/index.php?rest_route=\/wp\/v2\/pages\/321\/revisions"}],"predecessor-version":[{"id":750,"href":"https:\/\/www.pestourlcoaching.fr\/index.php?rest_route=\/wp\/v2\/pages\/321\/revisions\/750"}],"up":[{"embeddable":true,"href":"https:\/\/www.pestourlcoaching.fr\/index.php?rest_route=\/wp\/v2\/pages\/407"}],"wp:featuredmedia":[{"embeddable":true,"href":"https:\/\/www.pestourlcoaching.fr\/index.php?rest_route=\/wp\/v2\/media\/418"}],"wp:attachment":[{"href":"https:\/\/www.pestourlcoaching.fr\/index.php?rest_route=%2Fwp%2Fv2%2Fmedia&parent=321"}],"curies":[{"name":"wp","href":"https:\/\/api.w.org\/{rel}","templated":true}]}}